{"id":8546,"date":"2019-03-05T09:25:18","date_gmt":"2019-03-05T08:25:18","guid":{"rendered":"https:\/\/dev.layermesh.se\/showroom\/"},"modified":"2025-10-20T16:53:56","modified_gmt":"2025-10-20T14:53:56","slug":"showroom","status":"publish","type":"page","link":"https:\/\/www.layermesh.se\/en\/showroom\/","title":{"rendered":"Showroom"},"content":{"rendered":"\n<div class=\"wp-block-ssws-platform-head platform-head\"><div>\n  \n  <h1>Showroom<\/h1>\n  <h3>Our showroom is your showroom.<\/h3><p>We have created a lively meeting place for partners in the middle of central Stockholm at Tegn\u00e9rgatan 4. Together with the German data center manufacturer RITTAL, we have transformed a turn of the century store which previously sold vinyl records into an ultra-modern EdgeDC. Use the showroom as a tool in your work process. Business is created here!<br><br>We invite you to be inspired with 24\/7 access to this fantastic environment. <\/p><\/div><div><img decoding=\"async\" alt=\"En \u00f6versiktsbild p\u00e5 Layer &amp; Mesh showroom\" src=\"https:\/\/www.layermesh.se\/wp-content\/uploads\/2019\/06\/show01.png\"\/><\/div><\/div>\n\n\n\n<div class=\"wp-block-ssws-row3-editable2 row3\"><div data-style-0><h2>Meetings and demo<\/h2><h3>The venue is ideally suited for parties of 10 or fewer.<\/h3><p>With top restaurants around the corner, a presentation can end with a delicious lunch and proximity to Stockholm&#8217;s public transit. We can even provide an Infrastructure Expert from Layer &amp; Mesh if you would like support or a deep dive in one of our areas of expertise.<\/p><\/div><div class=\"image\" data-style-1><\/div><\/div>\n\n\n\n<div class=\"wp-block-ssws-row3-editable2 row3\"><div><h2>Kitchen<\/h2><h3>With a great network and great coffee, you can do wonders! <\/h3><p>In the kitchen you will find a Nespresso Gemini Pro coffee machine, a Nespresso capsule for each preference, and a refrigerator full of refreshments. <br><br>The kitchen is also outfitted for preparation &#8212; complete with two workstations including computer monitors and network outlets. <\/p><\/div><div class=\"image\" data-style-2><\/div><\/div>\n\n\n\n<div class=\"wp-block-ssws-row3-editable2 row3\"><div data-style-3><h2>Events<\/h2><h3>Workshops<\/h3><p>We have several events during the year where there are opportunities to meet and network. You can also utilize the showroom as a tool and inspiration for everyday work. Our showroom manager welcomes you with knowledge, coffee, and refreshments.<\/p><\/div><div class=\"image\" data-style-4><\/div><\/div>\n\n\n\n<div class=\"wp-block-ssws-image-banner\">\n<div data-style-5 class=\"wp-block-ssws-image-banner-part\"><img decoding=\"async\" alt=\"En bild fr\u00e5n entren till showroomet. P\u00e5 bilden syns tre fot\u00f6ljer, ett soffbord och en tavla \u00f6ver Stockholm.\" src=\"https:\/\/www.layermesh.se\/wp-content\/uploads\/2019\/04\/shwr01.jpg\"\/><\/div>\n\n\n\n<div data-style-6 class=\"wp-block-ssws-image-banner-part\"><img decoding=\"async\" alt=\"P\u00e5 bilden syns ytterd\u00f6rren mot Tegn\u00e9rgatan och v\u00e5rt inglasade datacenter med fyra rack-sk\u00e5p.\" src=\"https:\/\/www.layermesh.se\/wp-content\/uploads\/2019\/05\/showroom02.jpg\"\/><\/div>\n<\/div>\n\n\n\n<div class=\"wp-block-ssws-image-banner\">\n<div data-style-7 class=\"wp-block-ssws-image-banner-part\"><img\/><\/div>\n<\/div>\n\n\n\n<div class=\"wp-block-ssws-image-banner\">\n<div data-style-8 class=\"wp-block-ssws-image-banner-part\"><img\/><\/div>\n<\/div>\n\n\n\n<div class=\"wp-block-ssws-six\"><h3>Our showroom has access to the following: <\/h3><div>\n<div class=\"wp-block-ssws-six-part\"><h4>EDGE DC<\/h4><p>In this showroom we exhibit the network and IP based services of the future. The showroom is unique as it is also a fully functional EdgeDC. An EdgeDC is a smaller server room located right on the edge of the network, near the destination (edge) and the user. It is often connected to several other EdgeDC\u2019s that in turn connect to EnterpriseDCs. This is a relatively new form of infrastructure that facilitates extremely short distances between the platform where the service is installed and the recipient of a cloud-based service. EdgeDCs help deliver a high level of redundancy and extremely low latency.<br><br>Today we work with nearly 30 EdgeDCs around Stockholm where each is responsible for its own geographical area.<\/p><\/div>\n\n\n\n<div class=\"wp-block-ssws-six-part\"><h4>SECURITY<\/h4><p>Our showroom has high physical security and direct connection to emergency services. We have different permission zones which require specific permissions for entry into the server room. The showroom is monitored by camera and is equipped with advanced sensors for detection of smoke, humidity, water and other foreign substances. The server room houses several RITTAL 52u racks that are individually enclosed in locking cylinders. To achieve an efficient flow of hot and cold air, the room is equipped with a hot and cold barrier which enables an effective cooling system. We have also installed a fully automated Novec 1230 fire suppression system capable of suppressing a fire with minimal impact on equipment and people. In order to access the server room, one is required to read and approve our safety regulations and conditions of use. <\/p><\/div>\n\n\n\n<div class=\"wp-block-ssws-six-part\"><h4>SCREENS &amp; PRESENTATIONS<\/h4><p>The venue is equipped with two SAMSUNG 55-65&#8243; screens &#8212; one of which can be used for presentations. We also have two 27&#8243; screens with interface for all computers.<br><br>Feel free to hold your presentation on the wall-mounted SAMSUNG 50&#8243; screen &#8212; complete with both Chromecast and Apple TV. The screen is mounted with Multibrackets&#8217; moving wall mount and arm which makes it possible to angle and tilt the screen to achieve the best possible picture.<\/p><\/div>\n\n\n\n<div class=\"wp-block-ssws-six-part\"><h4>COFFEE<\/h4><p>With a brand-new Nespresso Gemini Pro, you can quickly serve your guests a good cup of coffee. The double extraction head enables the machine to prepare two perfect coffees simultaneously. Naturally, we have a variety of Nespresso flavors to suit your taste.<\/p><\/div>\n\n\n\n<div class=\"wp-block-ssws-six-part\"><h4>DEMO<\/h4><p>We want you to feel comfortable in our environment. Ask us for a demonstration of the showroom, or why not include us in your presentation? We&#8217;ll be happy to tell you more about how we build Full Mesh and EdgeDC infrastructure in 15 minutes or less.<\/p><\/div>\n\n\n\n<div class=\"wp-block-ssws-six-part\"><h4>CaaS<\/h4><p>Are you curious about the technology of tomorrow or do you just want to be updated on the latest in Layer &amp; Mesh\u2019s product range? We invite our partners to four annual meetings to discuss, educate, and learn from each other. Join us in our partner programs and we will make the road by walking.<\/p><\/div>\n<\/div><\/div>\n\n\n\n<div class=\"wp-block-ssws-image-banner\">\n<div data-style-9 class=\"wp-block-ssws-image-banner-part\"><img decoding=\"async\" alt=\"Ett kollage med fyra bilder. En v\u00e4gghylla med b\u00f6cker, en logotyp, en animerad bild p\u00e5 showroomets front samt den taklampa som finns i entren.\" src=\"https:\/\/www.layermesh.se\/wp-content\/uploads\/2019\/04\/shwr03.jpg\"\/><\/div>\n<\/div>\n\n\n\n\n\n<a href=\"https:\/\/www.google.com\/maps\/place\/?q=place_id:ChIJGRtYjDadX0YR1x0y2VononE\" target=\"_blank\" rel=\"noopener noreferrer\"><img decoding=\"async\" src=\"wp-content\/uploads\/2022\/02\/map-odeng-28-01.svg\" alt=\"Karta \u00f6ver Stockholm med Tegn\u00e9rgatan 4 markerat.\" class=\"wp-block-full-width\"><\/a>\n","protected":false},"excerpt":{"rendered":"","protected":false},"author":5,"featured_media":0,"parent":0,"menu_order":0,"comment_status":"closed","ping_status":"closed","template":"","meta":{"footnotes":""},"_links":{"self":[{"href":"https:\/\/www.layermesh.se\/en\/wp-json\/wp\/v2\/pages\/8546"}],"collection":[{"href":"https:\/\/www.layermesh.se\/en\/wp-json\/wp\/v2\/pages"}],"about":[{"href":"https:\/\/www.layermesh.se\/en\/wp-json\/wp\/v2\/types\/page"}],"author":[{"embeddable":true,"href":"https:\/\/www.layermesh.se\/en\/wp-json\/wp\/v2\/users\/5"}],"replies":[{"embeddable":true,"href":"https:\/\/www.layermesh.se\/en\/wp-json\/wp\/v2\/comments?post=8546"}],"version-history":[{"count":7,"href":"https:\/\/www.layermesh.se\/en\/wp-json\/wp\/v2\/pages\/8546\/revisions"}],"predecessor-version":[{"id":9735,"href":"https:\/\/www.layermesh.se\/en\/wp-json\/wp\/v2\/pages\/8546\/revisions\/9735"}],"wp:attachment":[{"href":"https:\/\/www.layermesh.se\/en\/wp-json\/wp\/v2\/media?parent=8546"}],"curies":[{"name":"wp","href":"https:\/\/api.w.org\/{rel}","templated":true}]}}