{"id":8573,"date":"2019-04-02T18:22:26","date_gmt":"2019-04-02T16:22:26","guid":{"rendered":"https:\/\/dev.layermesh.se\/privat-vdc\/"},"modified":"2020-02-26T14:08:49","modified_gmt":"2020-02-26T13:08:49","slug":"privat-vdc","status":"publish","type":"page","link":"https:\/\/www.layermesh.se\/en\/privat-vdc\/","title":{"rendered":"Private vDC"},"content":{"rendered":"\n<div class=\"wp-block-ssws-platform-head platform-head\"><div>\n    <ul class=\"platform-breadcrumbs\">\n    <li><a href=\"https:\/\/www.layermesh.se\/en\/?post_type=page&p=8512\">Platform<\/a><\/li><li>VIRTUAL DC<\/li>  <\/ul>\n  \n  <h1>Private vDC<\/h1>\n  <h3>We create a virtual Data Center exclusively for you. <\/h3><p>Dedicated hardware and total isolation in several geographically separate Data Centers gives you the highest level of security and availability. You take control of service windows, updates, resources, and everything else that affects your infrastructure and operation. Focus on operations and customer relationships &#8212; let us handle the infrastructure. <br><br>You no longer need to shut down services to upgrade performance nor deal with service windows and weekend downtime. Of course, it is also possible to scale performance without any service interruption. <br><br><\/p><\/div><div><img decoding=\"async\" alt=\"De i stockholm bel\u00e4gna stadsdelarna v\u00e4stermalm, s\u00f6dermalm och norrmalm sammanl\u00e4nkade \u00f6ver ett fibern\u00e4tverk. I varje stadsdel st\u00e5r ett server-rack som representerar en del av ett virtualiseringskluster. Servrarna \u00e4r inneslutna i ett cylindriskt, genomskinligt skyddsh\u00f6lje.\" src=\"https:\/\/www.layermesh.se\/wp-content\/uploads\/2019\/05\/privvdc01.png\"\/><\/div><\/div>\n\n\n\n<div class=\"wp-block-ssws-row3-editable2 row3\"><div data-style-0><h2>What is private vDC? <\/h2><h3>Exclusive virtualization clusters. <\/h3><p>As the name suggests, this is a virtualization cluster used exclusively by a single customer. Large pools of computing, storage, and networking resources are linked by software to provide the user with a virtualization platform. <\/p><\/div><div class=\"image\" data-style-1><\/div><\/div>\n\n\n\n<div class=\"contact-us-block\">\n    <div class=\"contact-us-block-text\">\n         <h3>Do you have questions? Talk to our virtualization experts!<\/h3>\n         <div class=\"contact-us-button-div-center\">\n             <a target=\"_blank\" rel=\"noopener noreferrer\" href=\"mailto:support@layermesh.se?subject=Virtualisering\"><div class=\"contact-us-button-div\"><span class=\"contact-us-button-text\">Contact us<\/span><\/div><\/a>\n         <\/div>\n    <\/div>\n<\/div>\n\n\n\n<div class=\"wp-block-ssws-row3-editable2 row3\"><div data-style-2><h2>Specifications<\/h2><h3>Layer &amp; Mesh bespoke Private vDC <\/h3><p>Which performance and platform solution should you choose for your vDC? We work with well-known manufacturers and select hardware with the best performance. We also assist with knowledge and advice during the transition. Naturally, everything is built according to your needs and wishes. <br><br>These are our minimum recommendations: <br><br>Processing<br>From 60 cores + Hyperthreading<br><strong>Memory<\/strong><br>From 2300 GB RAM<br><strong>Storage<\/strong><br>From 24 TB NVMe redundant space<\/p><\/div><div class=\"image\" data-style-3><\/div><\/div>\n\n\n\n<div class=\"wp-block-ssws-row3-editable2 row3\"><div><h2>OpenStack<\/h2><h3>Open-source software for private and public clouds. <\/h3><p>Some of the world&#8217;s largest companies support the development of OpenStack.  This has led to a rich and vibrant development community. Every day, thousands of developers help to make the software better, more robust, and more secure. <br><br>In the hands of skilled engineers, OpenStack becomes a powerful tool for building top-tier cloud infrastructure. <\/p><\/div><div class=\"image\" data-style-4><\/div><\/div>\n\n\n\n<div class=\"wp-block-ssws-question-row question-row\"><h3>Private Virtual Data Center &#8211; Benefits <\/h3><div>\n<div class=\"wp-block-ssws-question-part question-part\"><div class=\"title\"><img decoding=\"async\" alt=\"\" src=\"https:\/\/www.layermesh.se\/wp-content\/uploads\/2019\/06\/kontroll-icon.svg\"\/><h3>Control<\/h3><\/div><p class=\"text\">A private virtualization cluster gives the customer exclusive rights and total control over the computing resources of their cloud. Within the framework of an individual cluster, all possible and impossible infrastructures can be created. <\/p><\/div>\n\n\n\n<div class=\"wp-block-ssws-question-part question-part\"><div class=\"title\"><img decoding=\"async\" alt=\"\" src=\"https:\/\/www.layermesh.se\/wp-content\/uploads\/2019\/06\/skalbart-icon.svg\"\/><h3>Scalability<\/h3><\/div><p class=\"text\">OpenStack software has widespread support for expanding hardware resources without service interruptions. The cluster can grow as the customer grows. <\/p><\/div>\n\n\n\n<div class=\"wp-block-ssws-question-part question-part\"><div class=\"title\"><img decoding=\"async\" alt=\"\" src=\"https:\/\/www.layermesh.se\/wp-content\/uploads\/2019\/06\/sakerhet-icon.svg\"\/><h3>Security<\/h3><\/div><p class=\"text\">A private cloud makes the customer&#8217;s resources more secure than ever before. Total isolation gives the customer freedom to focus on the core business. <\/p><\/div>\n<\/div><\/div>\n\n\n\n<div class=\"wp-block-ssws-question-row question-row\"><h3>Private virtual Data Center from Layer &amp; Mesh<\/h3><div class=\"imagesRight\">\n<div class=\"wp-block-ssws-question-part question-part\"><div class=\"title\"><img decoding=\"async\" alt=\"\" src=\"https:\/\/www.layermesh.se\/wp-content\/uploads\/2019\/06\/tillganglighet-icon.svg\"\/><h3>Availability<\/h3><\/div><p class=\"text\">Your vDC cluster is woven into our Meshed Network. 100 Gbit\/s fiber links with redundancy ensure unmatched availability. <\/p><\/div>\n\n\n\n<div class=\"wp-block-ssws-question-part question-part\"><div class=\"title\"><img decoding=\"async\" alt=\"\" src=\"https:\/\/www.layermesh.se\/wp-content\/uploads\/2019\/06\/sakerhet-icon.svg\"\/><h3>Security<\/h3><\/div><p class=\"text\">Layer &amp; Mesh&#8217;s engineers have extensive experience in designing and maintaining complex services. We have taken the concepts behind the very best cloud solutions and developed them further. It doesn&#8217;t get any safer than a completely isolated virtualization environment. <\/p><\/div>\n\n\n\n<div class=\"wp-block-ssws-question-part question-part\"><div class=\"title\"><img decoding=\"async\" alt=\"\" src=\"https:\/\/www.layermesh.se\/wp-content\/uploads\/2019\/06\/optimera-icon.svg\"\/><h3>Capacity<\/h3><\/div><p class=\"text\">Experience virtualized services that respond as if they were running on a server right next to you. Minimal latency and maximum capacity provide a seamless experience. <\/p><\/div>\n<\/div><\/div>\n\n\n\n<div class=\"wp-block-ssws-question-row question-row\"><h3>Add-on services:<\/h3><div>\n<div class=\"wp-block-ssws-question-part question-part\"><div class=\"title\"><h3>Virtual Fiber<\/h3><\/div><p class=\"text\">A LAN can now extend between Lule\u00e5 and Malm\u00f6, via Stockholm, without complicated configuration. Connect to the company&#8217;s internal network wherever you are with our Virtual Fiber service. <\/p><\/div>\n\n\n\n<div class=\"wp-block-ssws-question-part question-part\"><div class=\"title\"><h3>Interconnect<\/h3><\/div><p class=\"text\">Connect your private clusters to dedicated servers in our affiliated Enterprise Data Centers and build a hybrid environment with the best of both worlds. <\/p><\/div>\n\n\n\n<div class=\"wp-block-ssws-question-part question-part\"><div class=\"title\"><h3>VLAN<\/h3><\/div><p class=\"text\">Connectivity between geographically separate offices and important hubs, such as data centers or virtualization clusters, is a prerequisite for an effective digital infrastructure. Take control with our VLAN services. <\/p><\/div>\n<\/div><\/div>\n","protected":false},"excerpt":{"rendered":"<p>Do you have questions? Talk to our virtualization experts! Contact us<\/p>\n","protected":false},"author":5,"featured_media":0,"parent":0,"menu_order":0,"comment_status":"closed","ping_status":"closed","template":"","meta":{"footnotes":""},"_links":{"self":[{"href":"https:\/\/www.layermesh.se\/en\/wp-json\/wp\/v2\/pages\/8573"}],"collection":[{"href":"https:\/\/www.layermesh.se\/en\/wp-json\/wp\/v2\/pages"}],"about":[{"href":"https:\/\/www.layermesh.se\/en\/wp-json\/wp\/v2\/types\/page"}],"author":[{"embeddable":true,"href":"https:\/\/www.layermesh.se\/en\/wp-json\/wp\/v2\/users\/5"}],"replies":[{"embeddable":true,"href":"https:\/\/www.layermesh.se\/en\/wp-json\/wp\/v2\/comments?post=8573"}],"version-history":[{"count":12,"href":"https:\/\/www.layermesh.se\/en\/wp-json\/wp\/v2\/pages\/8573\/revisions"}],"predecessor-version":[{"id":8926,"href":"https:\/\/www.layermesh.se\/en\/wp-json\/wp\/v2\/pages\/8573\/revisions\/8926"}],"wp:attachment":[{"href":"https:\/\/www.layermesh.se\/en\/wp-json\/wp\/v2\/media?parent=8573"}],"curies":[{"name":"wp","href":"https:\/\/api.w.org\/{rel}","templated":true}]}}