{"id":8580,"date":"2019-05-03T08:43:34","date_gmt":"2019-05-03T06:43:34","guid":{"rendered":"https:\/\/dev.layermesh.se\/ispaas\/"},"modified":"2020-03-05T11:07:12","modified_gmt":"2020-03-05T10:07:12","slug":"ispaas","status":"publish","type":"page","link":"https:\/\/www.layermesh.se\/en\/ispaas\/","title":{"rendered":"ISPaaS"},"content":{"rendered":"\n<div class=\"wp-block-ssws-platform-head platform-head\"><div>\n  \n  <h1>ISPaaS<\/h1>\n  <h3>Create your own unique services and achieve operator status <\/h3><p>We are proud to launch Internet Service Provider as a Service &#8212; ISPaaS. Create your own unique packages by combining your services with ours. This means you no longer need to sign agreements with PTS and RIPE regarding network, operations, and IP address management. <br><br>Save precious time by utilizing our infrastructure and competent staff and have your platform up and running within a few days. Customize your infrastructure with our modular range of products and services &#8212; creating and modifying your platform has never been easier. <\/p><\/div><div><img decoding=\"async\" alt=\"En samling produktblad med n\u00e5gra av v\u00e5ra partners namn p\u00e5.\" src=\"https:\/\/www.layermesh.se\/wp-content\/uploads\/2019\/05\/ispaaspost01.png\"\/><\/div><div class=\"downarrow\"><div class=\"inner\"><svg height=\"48\" viewbox=\"0 0 48 48\" width=\"48\" xmlns=\"http:\/\/www.w3.org\/2000\/svg\"><path d=\"M14.83 16.42l9.17 9.17 9.17-9.17 2.83 2.83-12 12-12-12z\"><\/path><\/svg><\/div><\/div><\/div>\n\n\n\n<div class=\"wp-block-ssws-row3-editable2 row3\"><div data-style-0><h2>Scalable<\/h2><h3>It all starts with an address or a point. <\/h3><p>The next step is to enable a service or a mix of services to that point. We have several available categories of services: \u00a0<br><br>&#8211; Port capacity 1-100 Gbit\/s \u00a0<br>&#8211; SLA levels \u00a0<br>&#8211; Internet access \u00a0<br>&#8211; Communication services \u00a0<br>&#8211; Platform services <br><br>All services linked to a point are available with a one day contract time. <\/p><\/div><div class=\"image\" data-style-1><\/div><\/div>\n\n\n\n<div class=\"wp-block-ssws-row3-editable2 row3\"><div><h2>Example 1<\/h2><h3>Internet access 1 Gbit\/s.<\/h3><p>Build a package with 1 Gbit\/s internet access and IP via CGN\/DHCP <br><br>&#8211; BASE point <br>&#8211; BASE SLA <br>&#8211; Switchport 10 Gbit\/s layer 3 traffic <br>&#8211; CGN10000 <br><br><strong>The end user gets:<\/strong><br><br><em>An affordable package with 1 Gbit\/s internet connection <\/em><\/p><\/div><div class=\"image\" data-style-2><\/div><\/div>\n\n\n\n<div class=\"wp-block-ssws-row3-editable2 row3\"><div data-style-3><h2>Example 2<\/h2><h3>Redundant high speed access.<\/h3><p>&#8211; PREMIUM point <br>&#8211; PREMIUM SLA <br>&#8211; Switchport 100 Gbit\/s layer 2 traffic <br>&#8211; Switchport 10 Gbit\/s layer 3 traffic <br>&#8211; Internet access IP-5 <br>&#8211; VLAN <br>&#8211; Redundancy <br><br>A point with dual fiber connections, dual building network, failover, Internet access, platform access with two private VLANs and 5 public IPv4 addresses. <br><br><strong>The end user gets: <\/strong><br><br><em>Internet and intranet connection with an extreme capacity, an extra redundant fiber connection, and the ability to connect to other points with 100 Gbit\/s capacity. <\/em><\/p><\/div><div class=\"image\" data-style-4><\/div><\/div>\n\n\n\n<div class=\"wp-block-ssws-row3-editable2 row3\"><div><h2>Example 3<\/h2><h3>Remote point with failover. <\/h3><p>&#8211; Virtual Fiber\/SD-WAN<br>&#8211; Internet access IP-1<br>&#8211; VLAN<br> <br>A &#8220;Virtual Fiber&#8221; with two Internet accesses, one from a city network and one from another operator in the customer&#8217;s area &#8212; for example, 4G or DSL. VLAN to headquarters or another resource. <br><br><strong>The end user gets:<\/strong> <br><br><em>Internet connections from two different operators with automatic failover. In addition, the customer gets a private VLAN that can be connected to a network anywhere in Sweden and a fixed external IP address. <\/em><\/p><\/div><div class=\"image\" data-style-5><\/div><\/div>\n\n\n\n<div class=\"contact-us-block\">\n    <div class=\"contact-us-block-text\">\n         <h3>Talk to our network experts to learn more!<\/h3>\n         <div class=\"contact-us-button-div-center\">\n             <a target=\"_blank\" rel=\"noopener noreferrer\" href=\"mailto:support@layermesh.se?subject=N\u00e4tverk och infrastruktur\"><div class=\"contact-us-button-div\"><span class=\"contact-us-button-text\">Contact us<\/span><\/div><\/a>\n         <\/div>\n    <\/div>\n<\/div>\n","protected":false},"excerpt":{"rendered":"<p>Talk to our network experts to learn more! Contact us<\/p>\n","protected":false},"author":5,"featured_media":0,"parent":0,"menu_order":0,"comment_status":"closed","ping_status":"closed","template":"","meta":{"footnotes":""},"_links":{"self":[{"href":"https:\/\/www.layermesh.se\/en\/wp-json\/wp\/v2\/pages\/8580"}],"collection":[{"href":"https:\/\/www.layermesh.se\/en\/wp-json\/wp\/v2\/pages"}],"about":[{"href":"https:\/\/www.layermesh.se\/en\/wp-json\/wp\/v2\/types\/page"}],"author":[{"embeddable":true,"href":"https:\/\/www.layermesh.se\/en\/wp-json\/wp\/v2\/users\/5"}],"replies":[{"embeddable":true,"href":"https:\/\/www.layermesh.se\/en\/wp-json\/wp\/v2\/comments?post=8580"}],"version-history":[{"count":8,"href":"https:\/\/www.layermesh.se\/en\/wp-json\/wp\/v2\/pages\/8580\/revisions"}],"predecessor-version":[{"id":8987,"href":"https:\/\/www.layermesh.se\/en\/wp-json\/wp\/v2\/pages\/8580\/revisions\/8987"}],"wp:attachment":[{"href":"https:\/\/www.layermesh.se\/en\/wp-json\/wp\/v2\/media?parent=8580"}],"curies":[{"name":"wp","href":"https:\/\/api.w.org\/{rel}","templated":true}]}}