{"id":8593,"date":"2019-01-16T15:16:27","date_gmt":"2019-01-16T14:16:27","guid":{"rendered":"https:\/\/dev.layermesh.se\/vlan\/"},"modified":"2020-03-05T11:10:24","modified_gmt":"2020-03-05T10:10:24","slug":"vlan","status":"publish","type":"page","link":"https:\/\/www.layermesh.se\/en\/vlan\/","title":{"rendered":"VLAN"},"content":{"rendered":"\n<div class=\"wp-block-ssws-platform-head platform-head\"><div>\n    <ul class=\"platform-breadcrumbs\">\n    <li><a href=\"https:\/\/www.layermesh.se\/en\/?post_type=page&p=8512\">Platform<\/a><\/li><li>INTERCONNECT<\/li>  <\/ul>\n  \n  <h1>VLAN<\/h1>\n  <h3>Point-to-point traffic completely isolated from the Internet.<\/h3><p>Tired of insecure and sluggish VPN connections? Good! So are we. Traffic can now travel completely isolated from Internet-routed traffic. We call this switched network service VLAN. <br><br>Day by day the Internet is becoming less secure. Due to this unfortunate development, more companies are realizing they have to take control of their business-critical traffic. One of the simplest solutions is to move traffic away from the Internet and to the layer 2 domain. Free yourself from the Internet as the carrier of all communications. We help you build a switched network with the network &#8220;under&#8221; the Internet. <\/p><\/div><div><img decoding=\"async\" alt=\"En kontorsbyggnad med tre v\u00e5ningsplan i genomsk\u00e4rning. Varje v\u00e5ning har en olikf\u00e4rgad anslutning som termineras i ett serversk\u00e5p placerat en liten bit bortanf\u00f6r byggnaden.\" src=\"https:\/\/www.layermesh.se\/wp-content\/uploads\/2019\/05\/vlan01.png\"\/><\/div><div class=\"downarrow\"><div class=\"inner\"><svg height=\"48\" viewbox=\"0 0 48 48\" width=\"48\" xmlns=\"http:\/\/www.w3.org\/2000\/svg\"><path d=\"M14.83 16.42l9.17 9.17 9.17-9.17 2.83 2.83-12 12-12-12z\"><\/path><\/svg><\/div><\/div><\/div>\n\n\n\n<div class=\"wp-block-ssws-row3-editable2 row3\"><div data-style-0><h2>What is VLAN?<\/h2><h3>A technology for segmenting and isolating traffic between points. <\/h3><p>A Virtual Local Area Network (VLAN) is used to segment traffic. This is especially desirable for security reasons but also for latency requirements.<br><br>The advantages of VLANs are many: avoid problems with unstable Internet connections, build your own networks, reach and troubleshoot customers&#8217; office networks, switches, and firewalls, and set up everything via your own direct connections completely isolated from the Internet. <br><br>Layer 1 &#8211; the physical carrier of traffic. Usually copper, fiber, or air with 4G and 5G traffic. <br><br>Layer 2 &#8211; the switched traffic between two or more points. This traffic is often directed via VLAN or QinQ. <br><br>Layer 3 &#8211; the routed traffic between two or more points &#8212; also known as the Internet. <br> <\/p><\/div><div class=\"image\" data-style-1><\/div><\/div>\n\n\n\n<div data-style-2 aria-hidden=\"true\" class=\"wp-block-spacer\"><\/div>\n\n\n\n<div class=\"wp-block-ssws-question-row question-row\"><h3>Advantages &#8211; VLAN:<\/h3><div>\n<div class=\"wp-block-ssws-question-part question-part\"><div class=\"title\"><img decoding=\"async\" alt=\"\" src=\"https:\/\/www.layermesh.se\/wp-content\/uploads\/2019\/06\/kapacitet-icon-1.svg\"\/><h3>Capacity<\/h3><\/div><p class=\"text\">VLAN segmentation on Layer 2 always provides maximum capacity. Traffic flows at the speed of the switch port without exception. <\/p><\/div>\n\n\n\n<div class=\"wp-block-ssws-question-part question-part\"><div class=\"title\"><img decoding=\"async\" alt=\"\" src=\"https:\/\/www.layermesh.se\/wp-content\/uploads\/2019\/06\/effektivitet-icon.svg\"\/><h3>Efficiency<\/h3><\/div><p class=\"text\">Improve organizational efficiency through collaborations across geographical boundaries without compromising the user experience. <\/p><\/div>\n\n\n\n<div class=\"wp-block-ssws-question-part question-part\"><div class=\"title\"><img decoding=\"async\" alt=\"\" src=\"https:\/\/www.layermesh.se\/wp-content\/uploads\/2019\/06\/skalbart-icon.svg\"\/><h3>Scalability<\/h3><\/div><p class=\"text\">A VLAN connection can be extended to a near unlimited number of links. Scale your infrastructure solution as needed. <\/p><\/div>\n<\/div><\/div>\n\n\n\n<div class=\"wp-block-ssws-question-row question-row\"><h3>VLAN from Layer &amp; Mesh<\/h3><div>\n<div class=\"wp-block-ssws-question-part question-part\"><div class=\"title\"><img decoding=\"async\" alt=\"\" src=\"https:\/\/www.layermesh.se\/wp-content\/uploads\/2019\/06\/sakerhet-icon.svg\"\/><h3>Security<\/h3><\/div><p class=\"text\">No need for VPN tunnels or other services to ensure that traffic is not intercepted. A VLAN service never touches the routed layer &#8212; it switches on layer 2 all the way from office to office. <\/p><\/div>\n\n\n\n<div class=\"wp-block-ssws-question-part question-part\"><div class=\"title\"><img decoding=\"async\" alt=\"\" src=\"https:\/\/www.layermesh.se\/wp-content\/uploads\/2019\/06\/tillganglighet-icon.svg\"\/><h3>Availability<\/h3><\/div><p class=\"text\">In our meshed metro network there are over 2500 routes. If one or even several links are down, the traffic simply chooses another. Failover happens immediately. <\/p><\/div>\n\n\n\n<div class=\"wp-block-ssws-question-part question-part\"><div class=\"title\"><img decoding=\"async\" alt=\"\" src=\"https:\/\/www.layermesh.se\/wp-content\/uploads\/2019\/06\/enkelt-icon.svg\"\/><h3>Simplicity<\/h3><\/div><p class=\"text\">A private VLAN between two or more points is just a few keystrokes away. <\/p><\/div>\n<\/div><\/div>\n\n\n\n<div class=\"wp-block-ssws-question-row question-row\"><h3>Add on services:<\/h3><div>\n<div class=\"wp-block-ssws-question-part question-part\"><div class=\"title\"><h3>QinQ<\/h3><\/div><p class=\"text\">Complete control of QinQ tunneling with simple configuration. Customize traffic flows within your IT environment using Layer &amp; Mesh\u2019s QinQ service. <\/p><\/div>\n\n\n\n<div class=\"wp-block-ssws-question-part question-part\"><div class=\"title\"><h3>Virtual Data Center<\/h3><\/div><p class=\"text\">Virtualized infrastructure for companies of all sizes. Now you can manage servers without purchase, installation and maintenance of physical hardware. With our triple redundant virtualisation clusters, you can build your solution exactly as you want it and scale as necessary. <\/p><\/div>\n\n\n\n<div class=\"wp-block-ssws-question-part question-part\"><div class=\"title\"><h3>Colocation<\/h3><\/div><p class=\"text\">Place the company&#8217;s servers in the data center that matches the customer&#8217;s requirements. Find the right alternative with our Standard, Edge, and Enterprise Data Centers. <\/p><\/div>\n<\/div><\/div>\n","protected":false},"excerpt":{"rendered":"","protected":false},"author":5,"featured_media":0,"parent":0,"menu_order":0,"comment_status":"closed","ping_status":"closed","template":"","meta":{"footnotes":""},"_links":{"self":[{"href":"https:\/\/www.layermesh.se\/en\/wp-json\/wp\/v2\/pages\/8593"}],"collection":[{"href":"https:\/\/www.layermesh.se\/en\/wp-json\/wp\/v2\/pages"}],"about":[{"href":"https:\/\/www.layermesh.se\/en\/wp-json\/wp\/v2\/types\/page"}],"author":[{"embeddable":true,"href":"https:\/\/www.layermesh.se\/en\/wp-json\/wp\/v2\/users\/5"}],"replies":[{"embeddable":true,"href":"https:\/\/www.layermesh.se\/en\/wp-json\/wp\/v2\/comments?post=8593"}],"version-history":[{"count":9,"href":"https:\/\/www.layermesh.se\/en\/wp-json\/wp\/v2\/pages\/8593\/revisions"}],"predecessor-version":[{"id":8988,"href":"https:\/\/www.layermesh.se\/en\/wp-json\/wp\/v2\/pages\/8593\/revisions\/8988"}],"wp:attachment":[{"href":"https:\/\/www.layermesh.se\/en\/wp-json\/wp\/v2\/media?parent=8593"}],"curies":[{"name":"wp","href":"https:\/\/api.w.org\/{rel}","templated":true}]}}