{"id":8601,"date":"2019-04-02T18:17:41","date_gmt":"2019-04-02T16:17:41","guid":{"rendered":"https:\/\/dev.layermesh.se\/sd-wan\/"},"modified":"2020-02-26T14:51:16","modified_gmt":"2020-02-26T13:51:16","slug":"sd-wan","status":"publish","type":"page","link":"https:\/\/www.layermesh.se\/en\/sd-wan\/","title":{"rendered":"Virtual Fiber"},"content":{"rendered":"\n<div class=\"wp-block-ssws-platform-head platform-head\"><div>\n    <ul class=\"platform-breadcrumbs\">\n    <li><a href=\"https:\/\/www.layermesh.se\/en\/?post_type=page&p=8512\">Platform<\/a><\/li><li>INTERCONNECT<\/li>  <\/ul>\n  \n  <h1>Virtual Fiber<\/h1>\n  <h3>Access resources from all over the world! <\/h3><p>Software-defined solutions where entire networks are built virtually on top of any available transport &#8212; this is a technology that will take the world by storm. Do you need to access central resources from a position that is normally not accessible? We have a new solution for this. <br><br>We call our service Virtual Fiber, or SD-WAN (Software-Defined Wide-Area Network). Points based on Virtual Fiber have full support for all our services, including VLAN with QinQ and full MTU and all varieties of Internet access. The points can use dual transport routes for redundancy &#8212; for example, fiber from a metro network combined with 4G or DSL. With Virtual Fiber, no fixed or public IP address is required, there is no configuration necessary, and the points are ready to use on delivery. <br><br>Virtual Fiber has a contract length of only one day &#8212; even though it works and is intended as a permanent solution, it can also be used temporarily. <br><br>Now you can buy local Internet access or use a 4G subscription to access your resources. This is a good substitute for today&#8217;s VPN connections.<br><br><br><br><\/p><\/div><div><img decoding=\"async\" alt=\"Tv\u00e5 kontor \u00e5tskilda av en jordglob som \u00e4r sammankopplade i ett LAN med SD-WAN.\" src=\"https:\/\/www.layermesh.se\/wp-content\/uploads\/2019\/05\/sdwan01.png\"\/><\/div><div class=\"downarrow\"><div class=\"inner\"><svg height=\"48\" viewbox=\"0 0 48 48\" width=\"48\" xmlns=\"http:\/\/www.w3.org\/2000\/svg\"><path d=\"M14.83 16.42l9.17 9.17 9.17-9.17 2.83 2.83-12 12-12-12z\"><\/path><\/svg><\/div><\/div><\/div>\n\n\n\n<div class=\"wp-block-ssws-row3-editable2 row3\"><div data-style-0><h2>What is Virtual Fiber?<\/h2><h3>Encrypted network traffic.<\/h3><p>A Software-Defined Wide-Area Network (SD-WAN) is a collection of technologies that enable network access across large geographic areas. Encryption and transport across multiple operators&#8217; networks are examples of components that are included in this concept. <br><br>Our Virtual Fiber product is delivered in the form of a physical server and is used as a connection point for all our services.<\/p><\/div><div class=\"image\" data-style-1><\/div><\/div>\n\n\n\n<div class=\"wp-block-ssws-row4-editable row4 wp-block-hide-link\" data-style-2><div><h5>Virtual fiber<\/h5><h3>Extreme availability <\/h3><p>Software-Defined Wide Area Network is a collection of technologies that enable network access across large geographical areas. <\/p><a>L\u00e4s mer<\/a><\/div><\/div>\n\n\n\n<div class=\"wp-block-ssws-question-row question-row\"><h3>SD-WAN with Virtual Fiber<\/h3><div>\n<div class=\"wp-block-ssws-question-part question-part\"><div class=\"title\"><img decoding=\"async\" alt=\"\" src=\"https:\/\/www.layermesh.se\/wp-content\/uploads\/2019\/06\/flexibilitet-icon.svg\"\/><h3>Flexibility<\/h3><\/div><p class=\"text\">Make new connections to the network on demand, scale your solution, and disable the service when it is no longer necessary. <\/p><\/div>\n\n\n\n<div class=\"wp-block-ssws-question-part question-part\"><div class=\"title\"><img decoding=\"async\" alt=\"\" src=\"https:\/\/www.layermesh.se\/wp-content\/uploads\/2019\/06\/enkelt-icon.svg\"\/><h3>Simplicity<\/h3><\/div><p class=\"text\">Virtual Fiber requires no configuration. Connect to your device and receive automatic failover and full layer 2 transport to all inbound points.<\/p><\/div>\n\n\n\n<div class=\"wp-block-ssws-question-part question-part\"><div class=\"title\"><img decoding=\"async\" alt=\"\" src=\"https:\/\/www.layermesh.se\/wp-content\/uploads\/2019\/06\/sakerhet-icon.svg\"\/><h3>Security<\/h3><\/div><p class=\"text\">Encryption is carried out with cutting-edge technology &#8212; all traffic is encrypted. Secure channels are created through public networks, completely configuration-free. <\/p><\/div>\n<\/div><\/div>\n\n\n\n<div class=\"wp-block-ssws-question-row question-row\"><h3>Add-on services:<\/h3><div>\n<div class=\"wp-block-ssws-question-part question-part\"><div class=\"title\"><h3>VLAN<\/h3><\/div><p class=\"text\">Connect your headquarters with other offices or create connections to data centers and virtualization in a hybrid environment. Our data communication services facilitate customers to broaden their network and find new methods.<\/p><\/div>\n\n\n\n<div class=\"wp-block-ssws-question-part question-part\"><div class=\"title\"><h3>Virtual Data Center<\/h3><\/div><p class=\"text\">Virtualized infrastructure on demand. Place IT systems in the cloud for a scalable solution now and in the future. <\/p><\/div>\n\n\n\n<div class=\"wp-block-ssws-question-part question-part\"><div class=\"title\"><h3>FWaaS<\/h3><\/div><p class=\"text\">Protect your resources with our virtualized firewall. Security internally and externally with minimal complexity. Fast setup, easy management, and flexible firewall rules.<\/p><\/div>\n<\/div><\/div>\n","protected":false},"excerpt":{"rendered":"","protected":false},"author":5,"featured_media":0,"parent":0,"menu_order":0,"comment_status":"closed","ping_status":"closed","template":"","meta":{"footnotes":""},"_links":{"self":[{"href":"https:\/\/www.layermesh.se\/en\/wp-json\/wp\/v2\/pages\/8601"}],"collection":[{"href":"https:\/\/www.layermesh.se\/en\/wp-json\/wp\/v2\/pages"}],"about":[{"href":"https:\/\/www.layermesh.se\/en\/wp-json\/wp\/v2\/types\/page"}],"author":[{"embeddable":true,"href":"https:\/\/www.layermesh.se\/en\/wp-json\/wp\/v2\/users\/5"}],"replies":[{"embeddable":true,"href":"https:\/\/www.layermesh.se\/en\/wp-json\/wp\/v2\/comments?post=8601"}],"version-history":[{"count":10,"href":"https:\/\/www.layermesh.se\/en\/wp-json\/wp\/v2\/pages\/8601\/revisions"}],"predecessor-version":[{"id":8939,"href":"https:\/\/www.layermesh.se\/en\/wp-json\/wp\/v2\/pages\/8601\/revisions\/8939"}],"wp:attachment":[{"href":"https:\/\/www.layermesh.se\/en\/wp-json\/wp\/v2\/media?parent=8601"}],"curies":[{"name":"wp","href":"https:\/\/api.w.org\/{rel}","templated":true}]}}