{"id":8612,"date":"2019-01-16T15:18:10","date_gmt":"2019-01-16T14:18:10","guid":{"rendered":"https:\/\/dev.layermesh.se\/mdr\/"},"modified":"2020-02-25T14:33:36","modified_gmt":"2020-02-25T13:33:36","slug":"mdr","status":"publish","type":"page","link":"https:\/\/www.layermesh.se\/en\/mdr\/","title":{"rendered":"MDR"},"content":{"rendered":"\n<div class=\"wp-block-ssws-platform-head platform-head\"><div>\n    <ul class=\"platform-breadcrumbs\">\n    <li><a href=\"https:\/\/www.layermesh.se\/en\/?post_type=page&p=8512\">Platform<\/a><\/li><li>SECURITY<\/li>  <\/ul>\n  \n  <h1>MDR<\/h1>\n  <h3>Our security team helps you analyze your IT environment, prevent attacks, and create security. <\/h3><p>Highly qualified intrusion detection with active countermeasures for all network devices, regardless of location &#8212; for example, at home, on the road or in the office. A cost-effective, scalable, and managed service where security personnel protect you according to set security requirements. <br><br><\/p><\/div><div><img decoding=\"async\" alt=\"Tv\u00e5 sittande personer som \u00f6vervakar utrustning via tv\u00e5 monitorer. I bekgrunden finns en st\u00f6rre monitor med en person bredvid.\" src=\"https:\/\/www.layermesh.se\/wp-content\/uploads\/2019\/05\/mdr01-2.png\"\/><\/div><div class=\"downarrow\"><div class=\"inner\"><svg height=\"48\" viewbox=\"0 0 48 48\" width=\"48\" xmlns=\"http:\/\/www.w3.org\/2000\/svg\"><path d=\"M14.83 16.42l9.17 9.17 9.17-9.17 2.83 2.83-12 12-12-12z\"><\/path><\/svg><\/div><\/div><\/div>\n\n\n\n<div class=\"wp-block-ssws-row3-editable2 row3\"><div data-style-0><h2> <br>What is Managed Detection and Response? <\/h2><h3>Take action before damage occurs. <\/h3><p>Managed Detection and Response (MDR) can be summarized as digital security that is a combination of man and technology. Experienced staff, well-designed incident routines, and carefully selected systems and software to handle and combat cyber attacks. Monitoring from the layer after physical cable to application level and wireless networks. <br><br>Security related logs, digital traffic, and parts of executed scripts and commands are collected, correlated and then analyzed by specialists. On suspicion or detection of intrusion a pre-defined incident response plan is activated to effectively eliminate or minimize the damage in an optimal way. The service is supplementary to the current IT department or IT provider. <\/p><\/div><div class=\"image\" data-style-1><\/div><\/div>\n\n\n\n<div class=\"contact-us-block\">\n    <div class=\"contact-us-block-text\">\n         <h3>Which solution best fits the customer? Talk to our security experts!<\/h3>\n         <div class=\"contact-us-button-div-center\">\n             <a target=\"_blank\" rel=\"noopener noreferrer\" href=\"mailto:sakerhet@layermesh.se.se\"><div class=\"contact-us-button-div\"><span class=\"contact-us-button-text\">Contact us<\/span><\/div><\/a>\n         <\/div>\n    <\/div>\n<\/div>\n\n\n\n<div class=\"wp-block-ssws-question-row question-row\"><h3>Why Managed Detection and Response?<\/h3><div>\n<div class=\"wp-block-ssws-question-part question-part\"><div class=\"title\"><img decoding=\"async\" alt=\"\" src=\"https:\/\/www.layermesh.se\/wp-content\/uploads\/2019\/06\/sakerhet-icon.svg\"\/><h3>Safety<\/h3><\/div><p class=\"text\">MDR protects your digital assets from hibernation paths or becoming encrypted and inaccessible. Digital security from the layer after physical cable to the application layer &#8212; like a camera system and security guard for physical assets. You get total control of traffic and monitoring. <\/p><\/div>\n\n\n\n<div class=\"wp-block-ssws-question-part question-part\"><div class=\"title\"><img decoding=\"async\" alt=\"\" src=\"https:\/\/www.layermesh.se\/wp-content\/uploads\/2019\/06\/trygghet-icon.svg\"\/><h3>Security<\/h3><\/div><p class=\"text\">Like a subscription service that provides years of expertise in cybersecurity, scaled dynamically and on demand. We guarantee the entire chain of security and offer transparency regarding personnel, hardware, and software.<\/p><\/div>\n\n\n\n<div class=\"wp-block-ssws-question-part question-part\"><div class=\"title\"><img decoding=\"async\" alt=\"\" src=\"https:\/\/www.layermesh.se\/wp-content\/uploads\/2019\/06\/kvalitet-icon.svg\"\/><h3>Quality<\/h3><\/div><p class=\"text\">Traditional protection is not enough when today&#8217;s attackers use methods that require personnel to be discovered. According to Garder, it takes an average of 100 days for an intrusion to be detected. With MDR, the intrusion is detected in just a few days. Well designed and optimised to fit other service offerings and solutions. <\/p><\/div>\n<\/div><\/div>\n\n\n\n<div class=\"wp-block-ssws-question-row question-row\"><h3>Add on services:<\/h3><div>\n<div class=\"wp-block-ssws-question-part question-part\"><div class=\"title\"><h3>VLAN<\/h3><\/div><p class=\"text\">Connect your headquarters with other offices or create connections to data centers and virtualization in a hybrid environment. Our data communication services facilitate customers to broaden their network and find new methods. Take control with our VLAN services. <\/p><\/div>\n\n\n\n<div class=\"wp-block-ssws-question-part question-part\"><div class=\"title\"><h3>Enterprise DC<\/h3><\/div><p class=\"text\">When nothing but the very best will do. For companies with the highest standards of security and accessibility, Layer &amp; Mesh recommends colocation in the industry&#8217;s most advanced data center. <\/p><\/div>\n\n\n\n<div class=\"wp-block-ssws-question-part question-part\"><div class=\"title\"><h3>FWaaS<\/h3><\/div><p class=\"text\">Protect your resources with our virtualized firewall. Security internally and externally with minimal complexity. Fast setup, easy management, and flexible firewall rules.<\/p><\/div>\n<\/div><\/div>\n","protected":false},"excerpt":{"rendered":"<p>Which solution best fits the customer? Talk to our security experts! Contact us<\/p>\n","protected":false},"author":5,"featured_media":0,"parent":0,"menu_order":0,"comment_status":"closed","ping_status":"closed","template":"","meta":{"footnotes":""},"_links":{"self":[{"href":"https:\/\/www.layermesh.se\/en\/wp-json\/wp\/v2\/pages\/8612"}],"collection":[{"href":"https:\/\/www.layermesh.se\/en\/wp-json\/wp\/v2\/pages"}],"about":[{"href":"https:\/\/www.layermesh.se\/en\/wp-json\/wp\/v2\/types\/page"}],"author":[{"embeddable":true,"href":"https:\/\/www.layermesh.se\/en\/wp-json\/wp\/v2\/users\/5"}],"replies":[{"embeddable":true,"href":"https:\/\/www.layermesh.se\/en\/wp-json\/wp\/v2\/comments?post=8612"}],"version-history":[{"count":4,"href":"https:\/\/www.layermesh.se\/en\/wp-json\/wp\/v2\/pages\/8612\/revisions"}],"predecessor-version":[{"id":8862,"href":"https:\/\/www.layermesh.se\/en\/wp-json\/wp\/v2\/pages\/8612\/revisions\/8862"}],"wp:attachment":[{"href":"https:\/\/www.layermesh.se\/en\/wp-json\/wp\/v2\/media?parent=8612"}],"curies":[{"name":"wp","href":"https:\/\/api.w.org\/{rel}","templated":true}]}}