{"id":8946,"date":"2019-04-03T12:32:15","date_gmt":"2019-04-03T10:32:15","guid":{"rendered":"https:\/\/dev.layermesh.se\/proof-of-concept\/"},"modified":"2020-02-27T15:22:34","modified_gmt":"2020-02-27T14:22:34","slug":"proof-of-concept","status":"publish","type":"page","link":"https:\/\/www.layermesh.se\/en\/proof-of-concept\/","title":{"rendered":"Proof of Concept"},"content":{"rendered":"\n<div class=\"wp-block-ssws-platform-head platform-head\"><div>\n  \n  <h1>Proof of Concept<\/h1>\n  <h3>Premiere of the world&#8217;s most powerful network. <\/h3><p>Now we can share the infrastructure, resources, and determination to create the best services with our partners. Through new platforms, everyone will be able to benefit from our knowledge, technology, and achievement.<br><br>With our rapid development of infrastructure in Layers 1-2-3, we have managed to create innovative communication solutions and share resources with high security and capacity \u2013 an increase in speed of about 10 billion times since the early 1990s. Access to our platforms and services is now faster than hardware read and write speeds towards storage media.<br><br>We are facing a paradigm shift with possibly exponential development. We are taking the first steps toward shared goals, resources, and responsibility &#8212; helping us all to achieve sustainable development and a brighter future.<\/p><\/div><div><img decoding=\"async\" alt=\"De i stockholm bel\u00e4gna stadsdelarna v\u00e4stermalm, s\u00f6dermalm och norrmalm sammanl\u00e4nkade \u00f6ver ett fibern\u00e4tverk. I varje stadsdel st\u00e5r ett server-rack som representerar en del av ett virtualiseringskluster. Till v\u00e4nster i bild syns ett datacenter.\" src=\"https:\/\/www.layermesh.se\/wp-content\/uploads\/2019\/05\/hybridvDC1.png\"\/><\/div><\/div>\n\n\n\n<div class=\"wp-block-ssws-six\"><h3>Milestones March 2019<\/h3><div>\n<div class=\"wp-block-ssws-six-part\"><h4> <\/h4><p>&#8211; We now reach nearly 95% of all properties in Stockholm with 100,000 Mbit\/s capacity.<\/p><\/div>\n\n\n\n<div class=\"wp-block-ssws-six-part\"><h4><\/h4><p>&#8211; We have deployed 10 Enterprise DC&#8217;s with 100,000 Mbit\/s capacity.<\/p><\/div>\n\n\n\n<div class=\"wp-block-ssws-six-part\"><h4><\/h4><p>&#8211; We have deployed 10 Edge DCs with 100,000 Mbit\/s capacity.<\/p><\/div>\n\n\n\n<div class=\"wp-block-ssws-six-part\"><h4><\/h4><p>&#8211; We have deployed 30 district nodes &#8212; smaller DC&#8217;s for cross-couplings with 100,000 Mbit\/s capacity.<\/p><\/div>\n\n\n\n<div class=\"wp-block-ssws-six-part\"><h4><\/h4><p>&#8211; Built with the world&#8217;s largest dark fiber network as foundation.<\/p><\/div>\n\n\n\n<div class=\"wp-block-ssws-six-part\"><h4><\/h4><p>&#8211; TRILL protocol deployed.<\/p><\/div>\n<\/div><\/div>\n\n\n\n<div class=\"wp-block-ssws-mesh4-editable mesh4\">\n<div class=\"wp-block-ssws-mesh4-part mesh4part\"><div data-style-0><h2>Clustered virtualization<\/h2><h3><br>Unlike other stack solutions, we fully utilize the strength of the infrastructure.<\/h3><p><br>We have also created a number of scalable platforms based on world-class cluster virtualization. We always cluster at least three geographically separate Data Centers (DCs), which sync all data in real-time. Choose by customer needs between simpler DCs and Enterprise DCs using all new technologies. <\/p><\/div><div class=\"image\" data-style-1><\/div><\/div>\n<\/div>\n\n\n\n<div class=\"wp-block-ssws-roadmap\">\n<div class=\"wp-block-ssws-roadmap-item\"><h3>2010:<\/h3><div><h5>START VIRTUALIZATION<\/h5><p>Our Internal infrastructure is virtualized.<\/p><\/div><\/div>\n\n\n\n<div class=\"wp-block-ssws-roadmap-item\"><h3>2014:<\/h3><div><h5>PROXMOX DEPLOYED<\/h5><p>3 geographically separate DCs. Hybrid solution.<\/p><\/div><\/div>\n\n\n\n<div class=\"wp-block-ssws-roadmap-item\"><h3>2017:<\/h3><div><h5>LAYER &amp; MESH STACK DEPLOYED <\/h5><p>3 geographically separate DCs, latency 0.1 \u2013 0.2 ms.<\/p><\/div><\/div>\n\n\n\n<div class=\"wp-block-ssws-roadmap-item\"><h3>2019:<\/h3><div><h5>Open Stack rocky deployed <\/h5><p>3 geographically separate DCs, latency 0.1 \u2013 0.2 ms.<\/p><\/div><\/div>\n<\/div>\n\n\n\n<div data-style-2 aria-hidden=\"true\" class=\"wp-block-spacer\"><\/div>\n\n\n\n<h3 class=\"has-text-align-left wp-block-custom-headline wp-block-heading\">New unique business opportunities and services:<\/h3>\n\n\n\n<div data-style-3 aria-hidden=\"true\" class=\"wp-block-spacer\"><\/div>\n\n\n\n<div class=\"wp-block-ssws-roadmap\">\n<div class=\"wp-block-ssws-roadmap-item\"><h3>1<\/h3><div><h5><\/h5><p>Seamless movement of IP traffic is possible when changing your address. <\/p><\/div><\/div>\n\n\n\n<div class=\"wp-block-ssws-roadmap-item\"><h3>2<\/h3><div><h5><\/h5><p>Free 10GE ports to qualified partners in the Layer &amp; Mesh preferred partner program. <\/p><\/div><\/div>\n\n\n\n<div class=\"wp-block-ssws-roadmap-item\"><h3>3<\/h3><div><h5><\/h5><p>Free 10GE ports to Enterprise DCs for preferred partners. <\/p><\/div><\/div>\n\n\n\n<div class=\"wp-block-ssws-roadmap-item\"><h3>4<\/h3><div><h5><\/h5><p>SD-WAN platform as a complement to alternative failover. <\/p><\/div><\/div>\n<\/div>\n\n\n\n<div data-style-4 aria-hidden=\"true\" class=\"wp-block-spacer\"><\/div>\n\n\n\n<div class=\"wp-block-image\"><figure class=\"aligncenter is-resized\"><img loading=\"lazy\" decoding=\"async\" src=\"https:\/\/www.layermesh.se\/wp-content\/uploads\/2019\/01\/layermesh-icon-512.svg\" alt=\"Layer &amp; Meshs logotyp. Liknar ett och-tecken med tv\u00e5 kvadratiska rutor som fasats ihop. Den undre representera mesh coh den \u00f6ver plattformslagret.\" class=\"wp-image-1092\" width=\"150\" height=\"150\"\/><\/figure><\/div>\n\n\n\n<div data-style-5 aria-hidden=\"true\" class=\"wp-block-spacer\"><\/div>\n\n\n\n<h4 class=\"has-text-align-center wp-block-custom-headline wp-block-heading\">With the infrastructure, services, and determination to deliver something extraordinary, we can break new ground together &#8212; enjoy!<\/h4>\n","protected":false},"excerpt":{"rendered":"<p>New unique business opportunities and services: With the infrastructure, services, and determination to deliver something extraordinary, we can break new ground together &#8212; enjoy!<\/p>\n","protected":false},"author":5,"featured_media":0,"parent":0,"menu_order":0,"comment_status":"closed","ping_status":"closed","template":"","meta":{"footnotes":""},"_links":{"self":[{"href":"https:\/\/www.layermesh.se\/en\/wp-json\/wp\/v2\/pages\/8946"}],"collection":[{"href":"https:\/\/www.layermesh.se\/en\/wp-json\/wp\/v2\/pages"}],"about":[{"href":"https:\/\/www.layermesh.se\/en\/wp-json\/wp\/v2\/types\/page"}],"author":[{"embeddable":true,"href":"https:\/\/www.layermesh.se\/en\/wp-json\/wp\/v2\/users\/5"}],"replies":[{"embeddable":true,"href":"https:\/\/www.layermesh.se\/en\/wp-json\/wp\/v2\/comments?post=8946"}],"version-history":[{"count":7,"href":"https:\/\/www.layermesh.se\/en\/wp-json\/wp\/v2\/pages\/8946\/revisions"}],"predecessor-version":[{"id":8971,"href":"https:\/\/www.layermesh.se\/en\/wp-json\/wp\/v2\/pages\/8946\/revisions\/8971"}],"wp:attachment":[{"href":"https:\/\/www.layermesh.se\/en\/wp-json\/wp\/v2\/media?parent=8946"}],"curies":[{"name":"wp","href":"https:\/\/api.w.org\/{rel}","templated":true}]}}