{"id":9488,"date":"2022-02-04T09:39:02","date_gmt":"2022-02-04T08:39:02","guid":{"rendered":"https:\/\/www.layermesh.se\/video\/"},"modified":"2022-02-04T09:39:02","modified_gmt":"2022-02-04T08:39:02","slug":"video","status":"publish","type":"page","link":"https:\/\/www.layermesh.se\/en\/video\/","title":{"rendered":"Video"},"content":{"rendered":"\n<div class=\"wp-block-ssws-row3-editable2 video-header-block\"><div><h2>Video<\/h2><p>L\u00f6sningar och tj\u00e4nster som tillhandah\u00e5lls av Layer &amp; Mesh och v\u00e5ra fantastiska partners.<br><br>Har du n\u00e5gra fr\u00e5gor eller \u00e4r du intresserad av att bli partner? <br><br><a href=\"mailto:team@layermesh.se\">Kontakta oss idag<\/a><\/p><\/div><div class=\"image\"><\/div><\/div>\n\n\n\n<h3 class=\"wp-block-heading\">Layer &amp; Mesh<\/h3>\n\n\n\n<p><strong>Wholesale leverant\u00f6r av IT och infrastruktur tj\u00e4nster<\/strong>. <strong>Vi \u00e4r specialister p\u00e5 det fysiska, switchade &amp; routade lagren<\/strong>.<\/p>\n\n\n\n<div class=\"wp-block-columns video-wrap is-layout-flex wp-container-core-columns-is-layout-1 wp-block-columns-is-layout-flex\">\n<div class=\"wp-block-column video-col is-layout-flow wp-block-column-is-layout-flow\" data-style-0>\n<figure class=\"wp-block-video\"><video controls poster=\"https:\/\/www.layermesh.se\/wp-content\/uploads\/2022\/01\/Framtidens-net-thumb.png\" preload=\"none\" src=\"https:\/\/www.layermesh.se\/wp-content\/uploads\/2022\/01\/LM-full-video-2021-landscape-03.mp4\"><\/video><\/figure>\n<\/div>\n\n\n\n<div class=\"wp-block-column video-col is-layout-flow wp-block-column-is-layout-flow\" data-style-1>\n<figure class=\"wp-block-video\"><video controls poster=\"https:\/\/www.layermesh.se\/wp-content\/uploads\/2022\/01\/LAM21010-video-thumbnail-05-1.jpg\" preload=\"none\" src=\"https:\/\/www.layermesh.se\/wp-content\/uploads\/2022\/01\/LM-key-to-stockholm-2021-landscape-02.mp4\"><\/video><\/figure>\n<\/div>\n\n\n\n<div class=\"wp-block-column video-col is-layout-flow wp-block-column-is-layout-flow\" data-style-2>\n<figure class=\"wp-block-video\"><video controls poster=\"https:\/\/www.layermesh.se\/wp-content\/uploads\/2022\/01\/Bli-partner-idag-thumb.png\" preload=\"none\" src=\"https:\/\/www.layermesh.se\/wp-content\/uploads\/2022\/01\/LM-Partners-2021-landscape-03.mp4\"><\/video><\/figure>\n<\/div>\n<\/div>\n\n\n\n<h3 class=\"wp-block-heading\">\u00c5terf\u00f6rs\u00e4ljare<\/h3>\n\n\n\n<h3 class=\"wp-block-heading\">Fiber Direkt<\/h3>\n\n\n\n<p><strong>Fiber &amp; bredband till f\u00f6retag i Stockholm<\/strong>. 10 Gig &amp; mesh f\u00f6r 995 kr\/m\u00e5n.<\/p>\n\n\n\n<div class=\"wp-block-columns video-wrap is-layout-flex wp-container-core-columns-is-layout-2 wp-block-columns-is-layout-flex\">\n<div class=\"wp-block-column video-col is-layout-flow wp-block-column-is-layout-flow\" data-style-3>\n<figure class=\"wp-block-video\"><video controls poster=\"https:\/\/www.layermesh.se\/wp-content\/uploads\/2022\/01\/Thumbnail-fiber-internet-video-2.png\" preload=\"none\" src=\"https:\/\/www.layermesh.se\/wp-content\/uploads\/2022\/01\/FD-paket-2021-landscape-03.mp4\"><\/video><\/figure>\n<\/div>\n\n\n\n<div class=\"wp-block-column video-col is-layout-flow wp-block-column-is-layout-flow\" data-style-4>\n<figure class=\"wp-block-video\"><video controls poster=\"https:\/\/www.layermesh.se\/wp-content\/uploads\/2022\/02\/thumg-1.png\" preload=\"none\" src=\"https:\/\/www.layermesh.se\/wp-content\/uploads\/2022\/01\/FD-arets-julklapp-2021-landscape-04.mp4\"><\/video><\/figure>\n<\/div>\n\n\n\n<div class=\"wp-block-column is-layout-flow wp-block-column-is-layout-flow\" data-style-5>\n<figure class=\"wp-block-video\"><video controls poster=\"https:\/\/www.layermesh.se\/wp-content\/uploads\/2022\/03\/COLO-thumbnail-2k.jpg\" preload=\"none\" src=\"https:\/\/www.layermesh.se\/wp-content\/uploads\/2022\/03\/06-FID21056-Colocation.mp4\"><\/video><\/figure>\n<\/div>\n<\/div>\n\n\n\n<div class=\"wp-block-columns video-wrap is-layout-flex wp-container-core-columns-is-layout-3 wp-block-columns-is-layout-flex\">\n<div class=\"wp-block-column video-col is-layout-flow wp-block-column-is-layout-flow\" data-style-6>\n<figure class=\"wp-block-video\"><video controls poster=\"https:\/\/www.layermesh.se\/wp-content\/uploads\/2022\/04\/gro\u0308n-na\u0308t-thumb.jpg\" preload=\"none\" src=\"https:\/\/www.layermesh.se\/wp-content\/uploads\/2022\/04\/08-FD-Gro\u0308n-Fiber-04.mp4\"><\/video><\/figure>\n<\/div>\n\n\n\n<div class=\"wp-block-column video-col is-layout-flow wp-block-column-is-layout-flow\" data-style-7><\/div>\n\n\n\n<div class=\"wp-block-column is-layout-flow wp-block-column-is-layout-flow\" data-style-8><\/div>\n<\/div>\n\n\n\n<p><\/p>\n","protected":false},"excerpt":{"rendered":"<p>Layer &amp; Mesh Wholesale leverant\u00f6r av IT och infrastruktur tj\u00e4nster. Vi \u00e4r specialister p\u00e5 det fysiska, switchade &amp; routade lagren. \u00c5terf\u00f6rs\u00e4ljare Fiber Direkt Fiber &amp; bredband till f\u00f6retag i Stockholm. 10 Gig &amp; mesh f\u00f6r 995 kr\/m\u00e5n.<\/p>\n","protected":false},"author":5,"featured_media":0,"parent":0,"menu_order":0,"comment_status":"closed","ping_status":"closed","template":"","meta":{"footnotes":""},"_links":{"self":[{"href":"https:\/\/www.layermesh.se\/en\/wp-json\/wp\/v2\/pages\/9488"}],"collection":[{"href":"https:\/\/www.layermesh.se\/en\/wp-json\/wp\/v2\/pages"}],"about":[{"href":"https:\/\/www.layermesh.se\/en\/wp-json\/wp\/v2\/types\/page"}],"author":[{"embeddable":true,"href":"https:\/\/www.layermesh.se\/en\/wp-json\/wp\/v2\/users\/5"}],"replies":[{"embeddable":true,"href":"https:\/\/www.layermesh.se\/en\/wp-json\/wp\/v2\/comments?post=9488"}],"version-history":[{"count":0,"href":"https:\/\/www.layermesh.se\/en\/wp-json\/wp\/v2\/pages\/9488\/revisions"}],"wp:attachment":[{"href":"https:\/\/www.layermesh.se\/en\/wp-json\/wp\/v2\/media?parent=9488"}],"curies":[{"name":"wp","href":"https:\/\/api.w.org\/{rel}","templated":true}]}}